{"id":9,"date":"2024-05-03T12:49:21","date_gmt":"2024-05-03T10:49:21","guid":{"rendered":"https:\/\/spirulina.ch\/?page_id=9"},"modified":"2024-05-03T14:00:07","modified_gmt":"2024-05-03T12:00:07","slug":"spirulina","status":"publish","type":"page","link":"https:\/\/spirulina.ch\/","title":{"rendered":"Spirulina"},"content":{"rendered":"<p>[et_pb_section fb_built=&#8220;1&#8243; _builder_version=&#8220;4.25.0&#8243; _module_preset=&#8220;default&#8220; global_colors_info=&#8220;{}&#8220;][et_pb_row _builder_version=&#8220;4.25.0&#8243; _module_preset=&#8220;default&#8220; global_colors_info=&#8220;{}&#8220;][et_pb_column type=&#8220;4_4&#8243; _builder_version=&#8220;4.25.0&#8243; _module_preset=&#8220;default&#8220; global_colors_info=&#8220;{}&#8220;][et_pb_text _builder_version=&#8220;4.25.0&#8243; _module_preset=&#8220;default&#8220; global_colors_info=&#8220;{}&#8220;]<\/p>\n<h1>Was ist Spirulina und wof\u00fcr ist es gut?<\/h1>\n<p>In den Weiten der Natur verbirgt sich eine kleine, gr\u00fcne Kraftpflanze, die seit Jahrhunderten f\u00fcr ihre aussergew\u00f6hnlichen gesundheitlichen Vorteile gesch\u00e4tzt wird: Spirulina. Diese faszinierende Alge, die in unseren Ozeanen gedeiht, h\u00e4lt eine F\u00fclle von N\u00e4hrstoffen und Vitalstoffen bereit, die unserem K\u00f6rper auf nat\u00fcrliche Weise guttun.<\/p>\n<p>Spirulina ist reich an Protein, eine wahre Goldgrube f\u00fcr all diejenigen, die ihre biologische Kost mit pflanzlicher Energie erg\u00e4nzen m\u00f6chten. Mit beeindruckenden 60-70% Proteinanteil ist diese Alge eine ideale Quelle f\u00fcr Aminos\u00e4uren, die Bausteine des Lebens. Ob Sie sich aktiv bewegen, eine vegetarische oder vegane Ern\u00e4hrung bevorzugen oder einfach nur nach einem Energiekick suchen &#8211; Spirulina kann Ihnen dabei helfen, Ihre N\u00e4hrstoffversorgung aufzuwerten und Ihren K\u00f6rper zu st\u00e4rken.<\/p>\n<h2>Spirulina enth\u00e4lt wichtige N\u00e4hr- und Vitalstoffe<\/h2>\n<p>Neben Protein enth\u00e4lt Spirulina eine Vielzahl von Vitaminen und Mineralstoffen, darunter Vitamin A, B-Vitamine, Eisen, Magnesium und Kalzium. Diese wichtigen N\u00e4hrstoffe unterst\u00fctzen die Gesundheit Ihres Immunsystems, f\u00f6rdern die gesunde Funktion des Gehirns, st\u00e4rken die Knochen und f\u00f6rdern die Energieproduktion in Ihrem K\u00f6rper. Das Beste daran? Spirulina ist ein 100% nat\u00fcrliches Nahrungserg\u00e4nzungsmittel, das frei von jeglichen sch\u00e4dlichen Zusatzstoffen ist.<\/p>\n<p>Dar\u00fcber hinaus enth\u00e4lt Spirulina auch wertvolle Antioxidantien wie Phycocyanin, die dazu beitragen k\u00f6nnen, den K\u00f6rper vor oxidativem Stress zu sch\u00fctzen und das allgemeine Wohlbefinden zu f\u00f6rdern. Diese leistungsstarken Verbindungen helfen, freie Radikale zu neutralisieren und unterst\u00fctzen ein gesundes Altern.<\/p>\n<h3>Warum auch Sie Spirulina einnehmen sollten<\/h3>\n<p>Die Vorteile von Spirulina sind nahezu endlos. Es kann Ihnen helfen, Ihre Ern\u00e4hrung auszugleichen, indem es N\u00e4hrstoffl\u00fccken schliesst und Ihrem K\u00f6rper die Unterst\u00fctzung bietet, die er braucht. Egal, ob Sie Ihre sportliche Leistung steigern, Ihre allgemeine Gesundheit verbessern oder einfach nur Ihre Vitalit\u00e4t erh\u00f6hen m\u00f6chten, Spirulina ist die nat\u00fcrliche Wahl.<\/p>\n<p>Geben Sie Ihrem K\u00f6rper die N\u00e4hrstoffe, die er verdient. Entdecken Sie die Kraft von Spirulina und sp\u00fcren Sie den Unterschied. Probieren Sie es noch heute aus und machen Sie den ersten Schritt zu einer ges\u00fcnderen und energiegeladenen Zukunft.<\/p>\n<p>[\/et_pb_text][\/et_pb_column][\/et_pb_row][et_pb_row column_structure=&#8220;1_2,1_2&#8243; _builder_version=&#8220;4.25.0&#8243; _module_preset=&#8220;default&#8220; global_colors_info=&#8220;{}&#8220;][et_pb_column type=&#8220;1_2&#8243; _builder_version=&#8220;4.25.0&#8243; _module_preset=&#8220;default&#8220; global_colors_info=&#8220;{}&#8220;][et_pb_image src=&#8220;https:\/\/spirulina.ch\/wp-content\/uploads\/2024\/05\/1-cfc21280-9b34-4cd3-9d2e-0eda1a127be9-816&#215;512.jpg&#8220; _builder_version=&#8220;4.25.0&#8243; _module_preset=&#8220;default&#8220; global_colors_info=&#8220;{}&#8220;][\/et_pb_image][\/et_pb_column][et_pb_column type=&#8220;1_2&#8243; _builder_version=&#8220;4.25.0&#8243; _module_preset=&#8220;default&#8220; global_colors_info=&#8220;{}&#8220;][et_pb_text _builder_version=&#8220;4.25.0&#8243; _module_preset=&#8220;default&#8220; hover_enabled=&#8220;0&#8243; global_colors_info=&#8220;{}&#8220; sticky_enabled=&#8220;0&#8243;]<\/p>\n<h2 style=\"text-align: center;\"><a href=\"https:\/\/fairvital.com\/Spirulina-500mg-83150?partner=954391\" target=\"_blank\" rel=\"noopener\">Spirulina bei Fairvital kaufen<\/a><\/h2>\n<p>[\/et_pb_text][et_pb_image src=&#8220;https:\/\/spirulina.ch\/wp-content\/uploads\/2024\/05\/Spirulina_Fairvital.jpg&#8220; title_text=&#8220;Spirulina_Fairvital&#8220; _builder_version=&#8220;4.25.0&#8243; _module_preset=&#8220;default&#8220; hover_enabled=&#8220;0&#8243; global_colors_info=&#8220;{}&#8220; url=&#8220;https:\/\/fairvital.com\/Spirulina-500mg-83150?partner=954391&#8243; sticky_enabled=&#8220;0&#8243;][\/et_pb_image][\/et_pb_column][\/et_pb_row][\/et_pb_section]<\/p>\n","protected":false},"excerpt":{"rendered":"<p>Was ist Spirulina und wof\u00fcr ist es gut? In den Weiten der Natur verbirgt sich eine kleine, gr\u00fcne Kraftpflanze, die seit Jahrhunderten f\u00fcr ihre aussergew\u00f6hnlichen gesundheitlichen Vorteile gesch\u00e4tzt wird: Spirulina. Diese faszinierende Alge, die in unseren Ozeanen gedeiht, h\u00e4lt eine F\u00fclle von N\u00e4hrstoffen und Vitalstoffen bereit, die unserem K\u00f6rper auf nat\u00fcrliche Weise guttun. Spirulina ist [&hellip;]<\/p>\n","protected":false},"author":1,"featured_media":0,"parent":0,"menu_order":0,"comment_status":"closed","ping_status":"closed","template":"","meta":{"_et_pb_use_builder":"on","_et_pb_old_content":"","_et_gb_content_width":"","footnotes":""},"class_list":["post-9","page","type-page","status-publish","hentry"],"yoast_head":"<!-- This site is optimized with the Yoast SEO plugin v27.3 - https:\/\/yoast.com\/product\/yoast-seo-wordpress\/ -->\n<title>Spirulina - Spirulina<\/title>\n<meta name=\"robots\" content=\"index, follow, max-snippet:-1, max-image-preview:large, max-video-preview:-1\" \/>\n<link rel=\"canonical\" href=\"https:\/\/spirulina.ch\/\" \/>\n<meta property=\"og:locale\" content=\"de_DE\" \/>\n<meta property=\"og:type\" content=\"article\" \/>\n<meta property=\"og:title\" content=\"Spirulina - Spirulina\" \/>\n<meta property=\"og:description\" content=\"Was ist Spirulina und wof\u00fcr ist es gut? In den Weiten der Natur verbirgt sich eine kleine, gr\u00fcne Kraftpflanze, die seit Jahrhunderten f\u00fcr ihre aussergew\u00f6hnlichen gesundheitlichen Vorteile gesch\u00e4tzt wird: Spirulina. Diese faszinierende Alge, die in unseren Ozeanen gedeiht, h\u00e4lt eine F\u00fclle von N\u00e4hrstoffen und Vitalstoffen bereit, die unserem K\u00f6rper auf nat\u00fcrliche Weise guttun. Spirulina ist [&hellip;]\" \/>\n<meta property=\"og:url\" content=\"https:\/\/spirulina.ch\/\" \/>\n<meta property=\"og:site_name\" content=\"Spirulina\" \/>\n<meta property=\"article:modified_time\" content=\"2024-05-03T12:00:07+00:00\" \/>\n<meta name=\"twitter:card\" content=\"summary_large_image\" \/>\n<meta name=\"twitter:label1\" content=\"Gesch\u00e4tzte Lesezeit\" \/>\n\t<meta name=\"twitter:data1\" content=\"3\u00a0Minuten\" \/>\n<script type=\"application\/ld+json\" class=\"yoast-schema-graph\">{\"@context\":\"https:\\\/\\\/schema.org\",\"@graph\":[{\"@type\":\"WebPage\",\"@id\":\"https:\\\/\\\/spirulina.ch\\\/\",\"url\":\"https:\\\/\\\/spirulina.ch\\\/\",\"name\":\"Spirulina - Spirulina\",\"isPartOf\":{\"@id\":\"https:\\\/\\\/spirulina.ch\\\/#website\"},\"datePublished\":\"2024-05-03T10:49:21+00:00\",\"dateModified\":\"2024-05-03T12:00:07+00:00\",\"breadcrumb\":{\"@id\":\"https:\\\/\\\/spirulina.ch\\\/#breadcrumb\"},\"inLanguage\":\"de\",\"potentialAction\":[{\"@type\":\"ReadAction\",\"target\":[\"https:\\\/\\\/spirulina.ch\\\/\"]}]},{\"@type\":\"BreadcrumbList\",\"@id\":\"https:\\\/\\\/spirulina.ch\\\/#breadcrumb\",\"itemListElement\":[{\"@type\":\"ListItem\",\"position\":1,\"name\":\"Startseite\",\"item\":\"https:\\\/\\\/spirulina.ch\\\/\"},{\"@type\":\"ListItem\",\"position\":2,\"name\":\"Spirulina\"}]},{\"@type\":\"WebSite\",\"@id\":\"https:\\\/\\\/spirulina.ch\\\/#website\",\"url\":\"https:\\\/\\\/spirulina.ch\\\/\",\"name\":\"Spirulina\",\"description\":\"\",\"potentialAction\":[{\"@type\":\"SearchAction\",\"target\":{\"@type\":\"EntryPoint\",\"urlTemplate\":\"https:\\\/\\\/spirulina.ch\\\/?s={search_term_string}\"},\"query-input\":{\"@type\":\"PropertyValueSpecification\",\"valueRequired\":true,\"valueName\":\"search_term_string\"}}],\"inLanguage\":\"de\"}]}<\/script>\n<!-- \/ Yoast SEO plugin. -->","yoast_head_json":{"title":"Spirulina - Spirulina","robots":{"index":"index","follow":"follow","max-snippet":"max-snippet:-1","max-image-preview":"max-image-preview:large","max-video-preview":"max-video-preview:-1"},"canonical":"https:\/\/spirulina.ch\/","og_locale":"de_DE","og_type":"article","og_title":"Spirulina - Spirulina","og_description":"Was ist Spirulina und wof\u00fcr ist es gut? In den Weiten der Natur verbirgt sich eine kleine, gr\u00fcne Kraftpflanze, die seit Jahrhunderten f\u00fcr ihre aussergew\u00f6hnlichen gesundheitlichen Vorteile gesch\u00e4tzt wird: Spirulina. Diese faszinierende Alge, die in unseren Ozeanen gedeiht, h\u00e4lt eine F\u00fclle von N\u00e4hrstoffen und Vitalstoffen bereit, die unserem K\u00f6rper auf nat\u00fcrliche Weise guttun. Spirulina ist [&hellip;]","og_url":"https:\/\/spirulina.ch\/","og_site_name":"Spirulina","article_modified_time":"2024-05-03T12:00:07+00:00","twitter_card":"summary_large_image","twitter_misc":{"Gesch\u00e4tzte Lesezeit":"3\u00a0Minuten"},"schema":{"@context":"https:\/\/schema.org","@graph":[{"@type":"WebPage","@id":"https:\/\/spirulina.ch\/","url":"https:\/\/spirulina.ch\/","name":"Spirulina - Spirulina","isPartOf":{"@id":"https:\/\/spirulina.ch\/#website"},"datePublished":"2024-05-03T10:49:21+00:00","dateModified":"2024-05-03T12:00:07+00:00","breadcrumb":{"@id":"https:\/\/spirulina.ch\/#breadcrumb"},"inLanguage":"de","potentialAction":[{"@type":"ReadAction","target":["https:\/\/spirulina.ch\/"]}]},{"@type":"BreadcrumbList","@id":"https:\/\/spirulina.ch\/#breadcrumb","itemListElement":[{"@type":"ListItem","position":1,"name":"Startseite","item":"https:\/\/spirulina.ch\/"},{"@type":"ListItem","position":2,"name":"Spirulina"}]},{"@type":"WebSite","@id":"https:\/\/spirulina.ch\/#website","url":"https:\/\/spirulina.ch\/","name":"Spirulina","description":"","potentialAction":[{"@type":"SearchAction","target":{"@type":"EntryPoint","urlTemplate":"https:\/\/spirulina.ch\/?s={search_term_string}"},"query-input":{"@type":"PropertyValueSpecification","valueRequired":true,"valueName":"search_term_string"}}],"inLanguage":"de"}]}},"_links":{"self":[{"href":"https:\/\/spirulina.ch\/index.php?rest_route=\/wp\/v2\/pages\/9","targetHints":{"allow":["GET"]}}],"collection":[{"href":"https:\/\/spirulina.ch\/index.php?rest_route=\/wp\/v2\/pages"}],"about":[{"href":"https:\/\/spirulina.ch\/index.php?rest_route=\/wp\/v2\/types\/page"}],"author":[{"embeddable":true,"href":"https:\/\/spirulina.ch\/index.php?rest_route=\/wp\/v2\/users\/1"}],"replies":[{"embeddable":true,"href":"https:\/\/spirulina.ch\/index.php?rest_route=%2Fwp%2Fv2%2Fcomments&post=9"}],"version-history":[{"count":5,"href":"https:\/\/spirulina.ch\/index.php?rest_route=\/wp\/v2\/pages\/9\/revisions"}],"predecessor-version":[{"id":28,"href":"https:\/\/spirulina.ch\/index.php?rest_route=\/wp\/v2\/pages\/9\/revisions\/28"}],"wp:attachment":[{"href":"https:\/\/spirulina.ch\/index.php?rest_route=%2Fwp%2Fv2%2Fmedia&parent=9"}],"curies":[{"name":"wp","href":"https:\/\/api.w.org\/{rel}","templated":true}]}}